{"id":1329,"date":"2021-11-02T20:05:08","date_gmt":"2021-11-02T19:05:08","guid":{"rendered":"http:\/\/lunidomus.it\/privacy-policy\/"},"modified":"2021-11-23T16:11:59","modified_gmt":"2021-11-23T15:11:59","slug":"privacy-policy","status":"publish","type":"page","link":"https:\/\/www.lunidomus.it\/en\/privacy-policy\/","title":{"rendered":"Privacy Policy"},"content":{"rendered":"\t\t<div data-elementor-type=\"wp-page\" data-elementor-id=\"1329\" class=\"elementor elementor-1329 elementor-3\" data-elementor-post-type=\"page\">\n\t\t\t\t\t\t\t\t\t<section class=\"elementor-section elementor-top-section elementor-element elementor-element-7f79417e elementor-section-boxed elementor-section-height-default elementor-section-height-default\" data-id=\"7f79417e\" data-element_type=\"section\" data-settings=\"{&quot;jet_parallax_layout_list&quot;:[{&quot;jet_parallax_layout_image&quot;:{&quot;url&quot;:&quot;&quot;,&quot;id&quot;:&quot;&quot;,&quot;size&quot;:&quot;&quot;},&quot;_id&quot;:&quot;092a712&quot;,&quot;jet_parallax_layout_image_tablet&quot;:{&quot;url&quot;:&quot;&quot;,&quot;id&quot;:&quot;&quot;,&quot;size&quot;:&quot;&quot;},&quot;jet_parallax_layout_image_mobile&quot;:{&quot;url&quot;:&quot;&quot;,&quot;id&quot;:&quot;&quot;,&quot;size&quot;:&quot;&quot;},&quot;jet_parallax_layout_speed&quot;:{&quot;unit&quot;:&quot;%&quot;,&quot;size&quot;:50,&quot;sizes&quot;:[]},&quot;jet_parallax_layout_type&quot;:&quot;scroll&quot;,&quot;jet_parallax_layout_direction&quot;:null,&quot;jet_parallax_layout_fx_direction&quot;:null,&quot;jet_parallax_layout_z_index&quot;:&quot;&quot;,&quot;jet_parallax_layout_bg_x&quot;:50,&quot;jet_parallax_layout_bg_x_tablet&quot;:&quot;&quot;,&quot;jet_parallax_layout_bg_x_mobile&quot;:&quot;&quot;,&quot;jet_parallax_layout_bg_y&quot;:50,&quot;jet_parallax_layout_bg_y_tablet&quot;:&quot;&quot;,&quot;jet_parallax_layout_bg_y_mobile&quot;:&quot;&quot;,&quot;jet_parallax_layout_bg_size&quot;:&quot;auto&quot;,&quot;jet_parallax_layout_bg_size_tablet&quot;:&quot;&quot;,&quot;jet_parallax_layout_bg_size_mobile&quot;:&quot;&quot;,&quot;jet_parallax_layout_animation_prop&quot;:&quot;transform&quot;,&quot;jet_parallax_layout_on&quot;:[&quot;desktop&quot;,&quot;tablet&quot;]}]}\">\n\t\t\t\t\t\t<div class=\"elementor-container elementor-column-gap-default\">\n\t\t\t\t\t<div class=\"elementor-column elementor-col-100 elementor-top-column elementor-element elementor-element-2df6d9d7\" data-id=\"2df6d9d7\" data-element_type=\"column\">\n\t\t\t<div class=\"elementor-widget-wrap elementor-element-populated\">\n\t\t\t\t\t\t\t\t<div class=\"elementor-element elementor-element-b6f4b54 elementor-widget elementor-widget-heading\" data-id=\"b6f4b54\" data-element_type=\"widget\" data-widget_type=\"heading.default\">\n\t\t\t\t<div class=\"elementor-widget-container\">\n\t\t\t<style>\/*! elementor - v3.15.0 - 09-08-2023 *\/\n.elementor-heading-title{padding:0;margin:0;line-height:1}.elementor-widget-heading .elementor-heading-title[class*=elementor-size-]>a{color:inherit;font-size:inherit;line-height:inherit}.elementor-widget-heading .elementor-heading-title.elementor-size-small{font-size:15px}.elementor-widget-heading .elementor-heading-title.elementor-size-medium{font-size:19px}.elementor-widget-heading .elementor-heading-title.elementor-size-large{font-size:29px}.elementor-widget-heading .elementor-heading-title.elementor-size-xl{font-size:39px}.elementor-widget-heading .elementor-heading-title.elementor-size-xxl{font-size:59px}<\/style><h1 class=\"elementor-heading-title elementor-size-default\">Privacy Policy<\/h1>\t\t<\/div>\n\t\t\t\t<\/div>\n\t\t\t\t<div class=\"elementor-element elementor-element-68a66c3d elementor-widget elementor-widget-text-editor\" data-id=\"68a66c3d\" data-element_type=\"widget\" data-widget_type=\"text-editor.default\">\n\t\t\t\t<div class=\"elementor-widget-container\">\n\t\t\t<style>\/*! elementor - v3.15.0 - 09-08-2023 *\/\n.elementor-widget-text-editor.elementor-drop-cap-view-stacked .elementor-drop-cap{background-color:#69727d;color:#fff}.elementor-widget-text-editor.elementor-drop-cap-view-framed .elementor-drop-cap{color:#69727d;border:3px solid;background-color:transparent}.elementor-widget-text-editor:not(.elementor-drop-cap-view-default) .elementor-drop-cap{margin-top:8px}.elementor-widget-text-editor:not(.elementor-drop-cap-view-default) .elementor-drop-cap-letter{width:1em;height:1em}.elementor-widget-text-editor .elementor-drop-cap{float:left;text-align:center;line-height:1;font-size:50px}.elementor-widget-text-editor .elementor-drop-cap-letter{display:inline-block}<\/style>\t\t\t\t<p>Prima di comunicarci qualsiasi tipo di dato personale, ti invitiamo a leggere con attenzione questa informativa privacy.<\/p>\n<p>Questa informativa privacy si intende resa per:<\/p>\n<ul>\n<li>Il sito www.lunidomus.it<\/li>\n<\/ul>\n<p>ma non per altri siti web esterni consultabili eventualmente dall\u2019utente tramite link.<\/p>\n<p>Questa informativa \u00e8 fornita ai sensi dell\u2019art. 13 Regolamento UE n. 2016\/679 (in seguito, \u201cGDPR\u201d) agli utenti che interagiscono con il sito web sopra citato.<\/p>\n<p>Il Titolare del trattamento dei dati relativi a persone identificate o identificabili che hanno consultato i siti www.lunidomus.it e, \u00e8 Lunidomus di Paolo Lenzi con sede in Via Nazionale Cisa 33 \u2013 Terrarossa di Licciana Nardi (MS) 54016. Pu\u00f2 essere contattato all\u2019indirizzo p.lunidomus@gmail.com.<\/p>\n<p><strong style=\"color: var( --e-global-color-text ); font-family: var( --e-global-typography-text-font-family ), Sans-serif; letter-spacing: 0px;\">1) Liceit\u00e0 del trattamento<\/strong><\/p>\n<p>Il trattamento dei dati personali avviene sulla base del principio di liceit\u00e0 del consenso espresso dall\u2019interessato per una o pi\u00f9 specifiche finalit\u00e0. (rif. Art. 6 comma a) del GDPR).<\/p>\n<p><strong>2) Finalit\u00e0 del trattamento<\/strong><\/p>\n<p>I dati personali volontariamente forniti saranno oggetto di trattamento per le seguenti finalit\u00e0:<\/p>\n<ul>\n<li>Navigazione sul sito internet citato in questa pagina<\/li>\n<li>Risposta ad una richiesta di assistenza o di informazioni<\/li>\n<\/ul>\n<p><strong>3) Tipologia dei Dati Trattati e Modalit\u00e0 di Raccolta<\/strong><\/p>\n<p><strong>Dati di navigazione \u2013 log file<\/strong><\/p>\n<p>L\u2019accesso al Sito pu\u00f2 avvenire senza che all\u2019utente venga richiesto il conferimento di alcun dato personale. I sistemi informatici e gli applicativi dedicati al funzionamento di questo sito web rilevano, nel corso del loro normale funzionamento, alcuni dati (la cui trasmissione \u00e8 implicita nell\u2019uso dei protocolli di comunicazione di Internet) non associati a utenti direttamente identificabili. Tra i dati raccolti sono compresi gli indirizzi IP degli utenti che si connettono al sito, gli indirizzi in notazione URI (Uniform Resource Identifier) delle risorse richieste, l\u2019orario della richiesta ed il codice numerico indicante lo stato della risposta data dal server (buon fine, errore, ecc.).<\/p>\n<p>Questi dati vengono trattati per il tempo strettamente necessario ai sensi della legge vigente e potrebbero essere utilizzati per l\u2019accertamento di responsabilit\u00e0 in caso di ipotetici reati informatici ai danni del sito.<\/p>\n<p><strong>Dati forniti volontariamente dall\u2019utente<\/strong><\/p>\n<p>L\u2019invio volontario ed esplicito di posta elettronica agli indirizzi indicati nei differenti canali di accesso di questo sito comporta la successiva acquisizione dell\u2019indirizzo e dei dati del mittente\/utente, necessari per rispondere alle istanze prodotte e\/o erogare il servizio richiesto.<br \/>La compilazione del form contatti implica l\u2019invio dei seguenti dati: indirizzo di posta elettronica (obbligatorio), nome (obbligatorio), numero di telefono (facoltativo).<br \/>Si assicura, tuttavia, che tale trattamento sar\u00e0 improntato ai principi di correttezza, liceit\u00e0 e trasparenza e di tutela della riservatezza come indicato nel GDPR.<\/p>\n<p><strong>Funzioni e servizi specifici<\/strong><\/p>\n<p>Google Analytics<\/p>\n<p>Google Analytics \u00e8 un servizio di analisi web fornito da Google LLC oppure da Google Ireland Limited, a seconda della posizione in cui questo sito web viene utilizzato (\u201cGoogle\u201d).<br \/>Google utilizza i dati personali raccolti allo scopo di tracciare ed esaminare l\u2019utilizzo di questo Sito, compilare report e condividerli con gli altri servizi sviluppati da Google.<br \/>Google potrebbe utilizzare i Dati Personali per contestualizzare e personalizzare gli annunci del proprio network pubblicitario.<br \/>Questa integrazione di Google Analytics rende anonimo il tuo indirizzo IP. L\u2019anonimizzazione funziona abbreviando entro i confini degli stati membri dell\u2019Unione Europea o in altri Paesi aderenti all\u2019accordo sullo Spazio Economico Europeo l\u2019indirizzo IP degli Utenti. Solo in casi eccezionali, l\u2019indirizzo IP sar\u00e0 inviato ai server di Google ed abbreviato all\u2019interno degli Stati Uniti.<br \/>Dati Personali raccolti: Cookie; Dati di utilizzo.<br \/>Luogo del trattamento: Stati Uniti \u2013&nbsp;<a href=\"https:\/\/policies.google.com\/privacy\" target=\"_blank\" rel=\"noopener\">Privacy Policy<\/a>&nbsp;\u2013&nbsp;<a href=\"https:\/\/tools.google.com\/dlpage\/gaoptout?hl=it\" target=\"_blank\" rel=\"noopener\">Opt Out<\/a>; Irlanda \u2013&nbsp;<a href=\"https:\/\/policies.google.com\/privacy\" target=\"_blank\" rel=\"noopener\">Privacy Policy<\/a>&nbsp;\u2013&nbsp;<a href=\"https:\/\/tools.google.com\/dlpage\/gaoptout?hl=en\" target=\"_blank\" rel=\"noopener\">Opt Out<\/a>.<br \/>Soggetto aderente al Privacy Shield.<\/p>\n<p>Google fonts<\/p>\n<p>Google Fonts \u00e8 un servizio che permette di caricare dei caratteri (font) per migliorare l\u2019aspetto del sito attraverso l\u2019uso dei fogli di stile. Il servizio \u00e8 gestito da Google Inc. L\u2019uso delle Google Font non prevede autenticazione.<br \/>Dati Personali raccolti: Cookie.<br \/>Luogo del trattamento: Stati Uniti \u2013&nbsp;<a href=\"https:\/\/policies.google.com\/privacy\" target=\"_blank\" rel=\"noopener\">Privacy Policy<\/a>&nbsp;; Irlanda \u2013&nbsp;<a href=\"https:\/\/policies.google.com\/privacy\" target=\"_blank\" rel=\"noopener\">Privacy Policy<\/a>.<br \/>Soggetto aderente al Privacy Shield.<\/p>\n<p>Google Maps<\/p>\n<p>Google Maps \u00e8 un servizio di visualizzazione di mappe gestito da Google Inc. che permette a questo Sito di indicare il luogo dove si trova l\u2019azienda.<br \/>Dati Personali raccolti: Cookie.<br \/>Luogo del trattamento: Stati Uniti \u2013&nbsp;<a href=\"https:\/\/policies.google.com\/privacy\" target=\"_blank\" rel=\"noopener\">Privacy Policy<\/a>&nbsp;; Irlanda \u2013&nbsp;<a href=\"https:\/\/policies.google.com\/privacy\" target=\"_blank\" rel=\"noopener\">Privacy Policy<\/a>.<br \/>Soggetto aderente al Privacy Shield.<\/p>\n<p><b>Facoltativit\u00e0 del Conferimento dei Dati<\/b><\/p>\n<p>A parte quanto specificato per i dati di navigazione, il conferimento dei dati personali da parte dell\u2019interessato, per le finalit\u00e0 descritte nel paragrafo precedente \u00e8 da ritenersi facoltativo. Il loro mancato conferimento pu\u00f2 comportare l\u2019impossibilit\u00e0 di usufruire di determinati servizi forniti dal sito.<\/p>\n<p><b>Modalit\u00e0 del Trattamento dei Dati<\/b><\/p>\n<p>I dati personali sono trattati con strumenti automatizzati per il tempo strettamente necessario a conseguire gli scopi per cui sono raccolti nel rispetto dei principi di liceit\u00e0, limitazione delle finalit\u00e0 e minimizzazione dei dati, ai sensi dell\u2019art. 5 del GDPR e nel rispetto dei tempi obbligatori prescritti dalla legge. Specifiche misure di sicurezza sono osservate per prevenire la perdita dei dati, usi illeciti o non corretti ed accessi non autorizzati.<\/p>\n<p><b>Comunicazione e\/o Diffusione dei Dati<\/b><\/p>\n<p>I tuoi dati personali, oggetto del trattamento, non saranno diffusi ma potranno essere comunicati a societ\u00e0 contrattualmente legate a Paolo Lenzi, in conformit\u00e0 e nei limiti del GDPR.<br \/>I dati personali potranno essere comunicati a terzi appartenenti alle seguenti categorie:<\/p>\n<ul>\n<li>soggetti che forniscono servizi per la gestione del sistema informativo usato da Lunidomus di Paolo Lenzi e delle reti di telecomunicazioni (ivi compresa la posta elettronica);<\/li>\n<li>studi o societ\u00e0 nell\u2019ambito di rapporti di assistenza e consulenza;<\/li>\n<li>autorit\u00e0 competenti per adempimenti di obblighi di leggi e\/o di disposizioni di organi pubblici, su richiesta.<\/li>\n<\/ul>\n<p>I soggetti appartenenti alle categorie suddette svolgono la funzione di Responsabile del trattamento dei dati, oppure operano in totale autonomia come distinti Titolari del trattamento. L\u2019elenco dei responsabili \u00e8 costantemente aggiornato e disponibile presso Lunidomus di Paolo Lenzi. Ogni ulteriore comunicazione o diffusione avverr\u00e0 solo previo tuo esplicito consenso.<\/p>\n<p><b>Periodo di Conservazione dei Dati<\/b><\/p>\n<p>Il periodo di conservazione per i dati raccolti con il modulo di richiesta contatti \u00e8 strettamente limitato al tempo necessario per dar seguito al bisogno che l\u2019utente sta manifestando con la sua richiesta e comunque non superiore a 6 mesi dall\u2019ultima manifestazione di interesse da parte dell\u2019utente.<br \/>Tuttavia tali dati potranno essere conservati per un periodo pi\u00f9 lungo per ottemperare agli obblighi di legge e per poterli rendere disponibili alle autorit\u00e0 competenti.<\/p>\n<p><b>Minori<\/b><\/p>\n<p>Questo Sito e i Servizi del Titolare non sono destinati a minori di 18 anni e il Titolare non raccoglie intenzionalmente informazioni personali riferite ai minori. Nel caso in cui informazioni su minori fossero involontariamente registrate, il Titolare le canceller\u00e0 in modo tempestivo, su richiesta degli utenti.<\/p>\n<p><b>Diritti degli Interessati<\/b><\/p>\n<p>Gli \u201cinteressati\u201d, ovvero le persone fisiche, le persone giuridiche, gli enti o le associazioni, cui si riferiscono i dati hanno il diritto, in qualunque momento, di ottenere la conferma dell\u2019esistenza o meno dei medesimi dati e di conoscerne il contenuto e l\u2019origine, verificarne l\u2019esattezza o chiederne l\u2019integrazione o l\u2019aggiornamento, oppure la rettificazione ai sensi Reg.to UE 2016\/679: Artt. 15, 16, 17, 18, 19, 20, 21, 22 \u2013 Diritti dell\u2019Interessato. Ai sensi dei medesimi articoli gli interessati hanno altres\u00ec il diritto di chiedere la cancellazione, la trasformazione in forma anonima o il blocco dei dati che li riguardano, trattati in violazione di legge, nonch\u00e9 di opporsi in ogni caso, per motivi legittimi, al loro trattamento.<br \/>Eventuali comunicazioni posso essere inoltrate alla casella e-mail: p.lunidomus@gmail.com<\/p>\n<ul>\n<li>Diritto di rettifica: contattaci direttamente per far modificare o rettificare i tuoi dati.<\/li>\n<li>Diritto alla cancellazione: inviaci una richiesta di cancellazione di tutti i dati che ti riguardano ed entro 30 giorni prenderemo in carico la tua richiesta.<\/li>\n<li>Diritto alla portabilit\u00e0: se ce lo richiedi, esporteremo i tuoi dati in modo che possano essere trasferiti a terzi.<\/li>\n<li>Diritto di opposizione: potrai disiscriverti in qualsiasi momento da tutti gli usi specifici che facciamo dei tuoi dati.<\/li>\n<li>Diritto di accesso: siamo trasparenti riguardo ai dati che raccogliamo e all\u2019uso che ne facciamo. Puoi contattarci in qualsiasi momento per accedere alle informazioni in nostro possesso e richiederne la modifica.<\/li>\n<li>Diritto di limitazione: puoi chiederci la sospensione del trattamento dei tuoi dati, se sussistono motivi legittimi.<\/li>\n<\/ul>\n\t\t\t\t\t\t<\/div>\n\t\t\t\t<\/div>\n\t\t\t\t\t<\/div>\n\t\t<\/div>\n\t\t\t\t\t\t\t<\/div>\n\t\t<\/section>\n\t\t\t\t\t\t\t<\/div>\n\t\t","protected":false},"excerpt":{"rendered":"<p>Privacy Policy Prima di comunicarci qualsiasi tipo di dato personale, ti invitiamo a leggere con attenzione questa informativa privacy. Questa informativa privacy si intende resa per: Il sito www.lunidomus.it ma non per altri siti web esterni consultabili eventualmente dall\u2019utente tramite link. Questa informativa \u00e8 fornita ai sensi dell\u2019art. 13 Regolamento UE n. 2016\/679 (in seguito, [&hellip;]<\/p>\n","protected":false},"author":2,"featured_media":0,"parent":0,"menu_order":0,"comment_status":"closed","ping_status":"closed","template":"","meta":{"footnotes":""},"class_list":["post-1329","page","type-page","status-publish","hentry"],"_links":{"self":[{"href":"https:\/\/www.lunidomus.it\/en\/wp-json\/wp\/v2\/pages\/1329","targetHints":{"allow":["GET"]}}],"collection":[{"href":"https:\/\/www.lunidomus.it\/en\/wp-json\/wp\/v2\/pages"}],"about":[{"href":"https:\/\/www.lunidomus.it\/en\/wp-json\/wp\/v2\/types\/page"}],"author":[{"embeddable":true,"href":"https:\/\/www.lunidomus.it\/en\/wp-json\/wp\/v2\/users\/2"}],"replies":[{"embeddable":true,"href":"https:\/\/www.lunidomus.it\/en\/wp-json\/wp\/v2\/comments?post=1329"}],"version-history":[{"count":4,"href":"https:\/\/www.lunidomus.it\/en\/wp-json\/wp\/v2\/pages\/1329\/revisions"}],"predecessor-version":[{"id":4428,"href":"https:\/\/www.lunidomus.it\/en\/wp-json\/wp\/v2\/pages\/1329\/revisions\/4428"}],"wp:attachment":[{"href":"https:\/\/www.lunidomus.it\/en\/wp-json\/wp\/v2\/media?parent=1329"}],"curies":[{"name":"wp","href":"https:\/\/api.w.org\/{rel}","templated":true}]}}